{"id":562,"date":"2019-02-04T08:25:14","date_gmt":"2019-02-04T08:25:14","guid":{"rendered":"http:\/\/localhost\/boldman\/boldman-theme\/?page_id=562"},"modified":"2023-07-31T21:31:34","modified_gmt":"2023-07-31T21:31:34","slug":"contact-us-1","status":"publish","type":"page","link":"https:\/\/medecorr.com\/?page_id=562","title":{"rendered":"Cont\u00e1ctanos"},"content":{"rendered":"\t\t<div data-elementor-type=\"wp-page\" data-elementor-id=\"562\" class=\"elementor elementor-562\">\n\t\t\t\t\t\t\t\t\t<section class=\"elementor-section elementor-top-section elementor-element elementor-element-0beb716 elementor-section-full_width elementor-section-stretched tm-column-break-ipad-yes tm-col-stretched-none elementor-section-height-default elementor-section-height-default\" data-id=\"0beb716\" data-element_type=\"section\" data-settings=\"{&quot;stretch_section&quot;:&quot;section-stretched&quot;}\">\n\t\t\t\t\t\t<div class=\"elementor-container elementor-column-gap-no\">\n\t\t\t\t\t<div class=\"elementor-column elementor-col-100 elementor-top-column elementor-element elementor-element-c9dc030\" data-id=\"c9dc030\" data-element_type=\"column\">\n\t\t\t<div class=\"elementor-widget-wrap elementor-element-populated\">\n\t\t\t\t\t\t\t\t<div class=\"elementor-element elementor-element-41dee50 elementor-widget elementor-widget-google_maps\" data-id=\"41dee50\" data-element_type=\"widget\" data-widget_type=\"google_maps.default\">\n\t\t\t\t<div class=\"elementor-widget-container\">\n\t\t\t<style>\/*! elementor - v3.14.0 - 26-06-2023 *\/\n.elementor-widget-google_maps .elementor-widget-container{overflow:hidden}.elementor-widget-google_maps .elementor-custom-embed{line-height:0}.elementor-widget-google_maps iframe{height:300px}<\/style>\t\t<div class=\"elementor-custom-embed\">\n\t\t\t<iframe loading=\"lazy\"\n\t\t\t\t\tsrc=\"https:\/\/maps.google.com\/maps?q=Calle%20camino%20de%20los%20Vinateros%20115%2C%20Madrid&#038;t=m&#038;z=15&#038;output=embed&#038;iwloc=near\"\n\t\t\t\t\ttitle=\"Calle camino de los Vinateros 115, Madrid\"\n\t\t\t\t\taria-label=\"Calle camino de los Vinateros 115, Madrid\"\n\t\t\t><\/iframe>\n\t\t<\/div>\n\t\t\t\t<\/div>\n\t\t\t\t<\/div>\n\t\t\t\t\t<\/div>\n\t\t<\/div>\n\t\t\t\t\t\t\t<\/div>\n\t\t<\/section>\n\t\t\t\t<section class=\"elementor-section elementor-top-section elementor-element elementor-element-3026d54 elementor-section-stretched tm-column-break-ipad-yes tm-col-stretched-none elementor-section-boxed elementor-section-height-default elementor-section-height-default\" data-id=\"3026d54\" data-element_type=\"section\" data-settings=\"{&quot;stretch_section&quot;:&quot;section-stretched&quot;}\">\n\t\t\t\t\t\t<div class=\"elementor-container elementor-column-gap-no\">\n\t\t\t\t\t<div class=\"elementor-column elementor-col-50 elementor-top-column elementor-element elementor-element-645f8a9\" data-id=\"645f8a9\" data-element_type=\"column\">\n\t\t\t<div class=\"elementor-widget-wrap elementor-element-populated\">\n\t\t\t\t\t\t\t\t<div class=\"elementor-element elementor-element-d8bd132 tm-align-left elementor-widget elementor-widget-tm_heading\" data-id=\"d8bd132\" data-element_type=\"widget\" data-widget_type=\"tm_heading.default\">\n\t\t\t\t<div class=\"elementor-widget-container\">\n\t\t\t<div class=\"tm-element-heading-content-wrapper left-align tm-reverse-heading-yes tm-seperator-style3 tm-content-with-desc tm-heading-style-vertical \"><div class=\"tm-content-header\"><h4 class=\"tm-element-subheading tm-custom-heading \">\n\t\t\t\tCont\u00e1ctanos\n\t\t\t<\/h4>\n\t\t<h2 class=\"tm-element-content-heading tm-custom-heading \">\n\t\t\t\tFormulario\n\t\t\t<\/h2>\n\t\t<div class=\"heading-seperator\"><span><\/span><\/div><\/div><div class=\"tm-element-content-desctxt\">Somos un equipo de expertos profesionales y habilidosos en todas las tareas el\u00e9ctricas. Ofrecemos una amplia gama de servicios para ayudar en cualquier situaci\u00f3n.<\/div><\/div>\t\t<\/div>\n\t\t\t\t<\/div>\n\t\t\t\t<div class=\"elementor-element elementor-element-a1348b1 elementor-widget elementor-widget-shortcode\" data-id=\"a1348b1\" data-element_type=\"widget\" data-widget_type=\"shortcode.default\">\n\t\t\t\t<div class=\"elementor-widget-container\">\n\t\t\t\t\t<div class=\"elementor-shortcode\">\n<div class=\"wpcf7 no-js\" id=\"wpcf7-f577-o1\" lang=\"en-US\" dir=\"ltr\">\n<div class=\"screen-reader-response\"><p role=\"status\" aria-live=\"polite\" aria-atomic=\"true\"><\/p> <ul><\/ul><\/div>\n<form action=\"\/index.php?rest_route=%2Fwp%2Fv2%2Fpages%2F562#wpcf7-f577-o1\" method=\"post\" class=\"wpcf7-form init\" aria-label=\"Contact form\" novalidate=\"novalidate\" data-status=\"init\">\n<div style=\"display: none;\">\n<input type=\"hidden\" name=\"_wpcf7\" value=\"577\" \/>\n<input type=\"hidden\" name=\"_wpcf7_version\" value=\"5.8\" \/>\n<input type=\"hidden\" name=\"_wpcf7_locale\" value=\"en_US\" \/>\n<input type=\"hidden\" name=\"_wpcf7_unit_tag\" value=\"wpcf7-f577-o1\" \/>\n<input type=\"hidden\" name=\"_wpcf7_container_post\" value=\"0\" \/>\n<input type=\"hidden\" name=\"_wpcf7_posted_data_hash\" value=\"\" \/>\n<\/div>\n<div class=\"tm-commonform contactform-1\">\n\t<div class=\"row\">\n\t\t<div class=\"col-md-6\">\n\t\t\t<div class=\"field-group\">\n\t\t\t\t<p><i class=\"tm-skincolor tm-boldman-icon-user\"><\/i><span class=\"wpcf7-form-control-wrap\" data-name=\"your-name\"><input size=\"40\" class=\"wpcf7-form-control wpcf7-text wpcf7-validates-as-required\" aria-required=\"true\" aria-invalid=\"false\" placeholder=\"Nombre y Apellidos\" value=\"\" type=\"text\" name=\"your-name\" \/><\/span>\n\t\t\t\t<\/p>\n\t\t\t<\/div>\n\t\t<\/div>\n\t\t<div class=\"col-md-6\">\n\t\t\t<div class=\"field-group\">\n\t\t\t\t<p><i class=\"tm-skincolor  tm-boldman-icon-mobile\"><\/i><span class=\"wpcf7-form-control-wrap\" data-name=\"your-phone\"><input size=\"40\" class=\"wpcf7-form-control wpcf7-text wpcf7-validates-as-required\" aria-required=\"true\" aria-invalid=\"false\" placeholder=\"N\u00famero de contacto\" value=\"\" type=\"text\" name=\"your-phone\" \/><\/span>\n\t\t\t\t<\/p>\n\t\t\t<\/div>\n\t\t<\/div>\n\t<\/div>\n\t<div class=\"row\">\n\t\t<div class=\"col-md-6\">\n\t\t\t<div class=\"field-group\">\n\t\t\t\t<p><i class=\"tm-skincolor tm-boldman-icon-mail\"><\/i><span class=\"wpcf7-form-control-wrap\" data-name=\"your-email\"><input size=\"40\" class=\"wpcf7-form-control wpcf7-email wpcf7-validates-as-required wpcf7-text wpcf7-validates-as-email\" aria-required=\"true\" aria-invalid=\"false\" placeholder=\"Correo electr\u00f3nico\" value=\"\" type=\"email\" name=\"your-email\" \/><\/span>\n\t\t\t\t<\/p>\n\t\t\t<\/div>\n\t\t<\/div>\n\t\t<div class=\"col-md-6\">\n\t\t\t<div class=\"field-group\">\n\t\t\t\t<p><i class=\"tm-skincolor tm-boldman-icon-location-pin\"><\/i><span class=\"wpcf7-form-control-wrap\" data-name=\"your-venue\"><input size=\"40\" class=\"wpcf7-form-control wpcf7-text wpcf7-validates-as-required\" aria-required=\"true\" aria-invalid=\"false\" placeholder=\"Ciudad\" value=\"\" type=\"text\" name=\"your-venue\" \/><\/span>\n\t\t\t\t<\/p>\n\t\t\t<\/div>\n\t\t<\/div>\n\t<\/div>\n\t<div class=\"row\">\n\t\t<div class=\"col-md-12\">\n\t\t\t<div class=\"field-group\">\n\t\t\t\t<p><i class=\"tm-skincolor tm-boldman-icon-comment-1\"><\/i><span class=\"wpcf7-form-control-wrap\" data-name=\"your-message\"><textarea cols=\"40\" rows=\"1\" class=\"wpcf7-form-control wpcf7-textarea wpcf7-validates-as-required\" aria-required=\"true\" aria-invalid=\"false\" placeholder=\"Mensaje\" name=\"your-message\"><\/textarea><\/span>\n\t\t\t\t<\/p>\n\t\t\t<\/div>\n\t\t<\/div>\n\t<\/div>\n\t<div>\n\t\t<p><input class=\"wpcf7-form-control wpcf7-submit has-spinner tm-vc_general tm-vc_btn3 tm-vc_btn3-shape-square tm-vc_btn3-color-black tm-vc_btn3-style-outline\" type=\"submit\" value=\"Enviar\" \/>\n\t\t<div class=\"wpcf7-response-output\" aria-hidden=\"true\"><\/div>\n\t<\/div>\n<\/div>\n<\/form>\n<\/div>\n<\/div>\n\t\t\t\t<\/div>\n\t\t\t\t<\/div>\n\t\t\t\t\t<\/div>\n\t\t<\/div>\n\t\t\t\t<div class=\"elementor-column elementor-col-50 elementor-top-column elementor-element elementor-element-016878a\" data-id=\"016878a\" data-element_type=\"column\">\n\t\t\t<div class=\"elementor-widget-wrap elementor-element-populated\">\n\t\t\t\t\t\t\t\t<div class=\"elementor-element elementor-element-46572f9 elementor-widget elementor-widget-heading\" data-id=\"46572f9\" data-element_type=\"widget\" data-widget_type=\"heading.default\">\n\t\t\t\t<div class=\"elementor-widget-container\">\n\t\t\t<style>\/*! elementor - v3.14.0 - 26-06-2023 *\/\n.elementor-heading-title{padding:0;margin:0;line-height:1}.elementor-widget-heading .elementor-heading-title[class*=elementor-size-]>a{color:inherit;font-size:inherit;line-height:inherit}.elementor-widget-heading .elementor-heading-title.elementor-size-small{font-size:15px}.elementor-widget-heading .elementor-heading-title.elementor-size-medium{font-size:19px}.elementor-widget-heading .elementor-heading-title.elementor-size-large{font-size:29px}.elementor-widget-heading .elementor-heading-title.elementor-size-xl{font-size:39px}.elementor-widget-heading .elementor-heading-title.elementor-size-xxl{font-size:59px}<\/style><h2 class=\"elementor-heading-title elementor-size-default\">Informaci\u00f3n de contacto<\/h2>\t\t<\/div>\n\t\t\t\t<\/div>\n\t\t\t\t<div class=\"elementor-element elementor-element-e915656 elementor-widget elementor-widget-tm_icon_heading\" data-id=\"e915656\" data-element_type=\"widget\" data-widget_type=\"tm_icon_heading.default\">\n\t\t\t\t<div class=\"elementor-widget-container\">\n\t\t\t\n<div class=\"themetechmount-iconbox themetechmount-iconbox-styletwo  themetechmount-iconcolor-skincolor themetechmount-icon-bgcolor-none tm-iconstyle-none themetechmount-iconsize-small\">\n\n<div class=\"themetechmount-iconbox-inner\">\n\t\t<div class=\"tm-iconbox-wrapper tm-wrap\">\n\t\t\t<div class=\"themetechmount-iconbox-icon tm-wrap-cell\">\n\t\t\t<div class=\"tm-box-icon\"><i class=\"fas fa-map-marker-alt\"><\/i><\/div>\t\t\t<\/div>\n\t\t\t<div class=\"themetechmount-iconbox-heading tm-wrap-cell\">\n\t\t\t\t\t\t\t\t\t\t\t\t<div class=\"tm-cta3-content-wrapper\">Calle del Camino de los Vinateros 115, Local 3, 28030. Madrid.<\/div>\t\t\t\t\t\t\t<\/div>\t\n\t\t<\/div>\n\t<\/div>\t\n\n<\/div>\n\t\t<\/div>\n\t\t\t\t<\/div>\n\t\t\t\t<div class=\"elementor-element elementor-element-ae40a95 elementor-widget elementor-widget-tm_icon_heading\" data-id=\"ae40a95\" data-element_type=\"widget\" data-widget_type=\"tm_icon_heading.default\">\n\t\t\t\t<div class=\"elementor-widget-container\">\n\t\t\t\n<div class=\"themetechmount-iconbox themetechmount-iconbox-styletwo  themetechmount-iconcolor-skincolor themetechmount-icon-bgcolor-none tm-iconstyle-none themetechmount-iconsize-small\">\n\n<div class=\"themetechmount-iconbox-inner\">\n\t\t<div class=\"tm-iconbox-wrapper tm-wrap\">\n\t\t\t<div class=\"themetechmount-iconbox-icon tm-wrap-cell\">\n\t\t\t<div class=\"tm-box-icon\"><i class=\"fas fa-map-marker-alt\"><\/i><\/div>\t\t\t<\/div>\n\t\t\t<div class=\"themetechmount-iconbox-heading tm-wrap-cell\">\n\t\t\t\t\t\t\t\t\t\t\t\t<div class=\"tm-cta3-content-wrapper\">Calle de Venecia 6, 28232 . Las Rozas Madrid.<\/div>\t\t\t\t\t\t\t<\/div>\t\n\t\t<\/div>\n\t<\/div>\t\n\n<\/div>\n\t\t<\/div>\n\t\t\t\t<\/div>\n\t\t\t\t<div class=\"elementor-element elementor-element-5c9d987 elementor-widget-divider--view-line elementor-widget elementor-widget-divider\" data-id=\"5c9d987\" data-element_type=\"widget\" data-widget_type=\"divider.default\">\n\t\t\t\t<div class=\"elementor-widget-container\">\n\t\t\t<style>\/*! elementor - v3.14.0 - 26-06-2023 *\/\n.elementor-widget-divider{--divider-border-style:none;--divider-border-width:1px;--divider-color:#0c0d0e;--divider-icon-size:20px;--divider-element-spacing:10px;--divider-pattern-height:24px;--divider-pattern-size:20px;--divider-pattern-url:none;--divider-pattern-repeat:repeat-x}.elementor-widget-divider .elementor-divider{display:flex}.elementor-widget-divider .elementor-divider__text{font-size:15px;line-height:1;max-width:95%}.elementor-widget-divider .elementor-divider__element{margin:0 var(--divider-element-spacing);flex-shrink:0}.elementor-widget-divider .elementor-icon{font-size:var(--divider-icon-size)}.elementor-widget-divider .elementor-divider-separator{display:flex;margin:0;direction:ltr}.elementor-widget-divider--view-line_icon .elementor-divider-separator,.elementor-widget-divider--view-line_text .elementor-divider-separator{align-items:center}.elementor-widget-divider--view-line_icon .elementor-divider-separator:after,.elementor-widget-divider--view-line_icon .elementor-divider-separator:before,.elementor-widget-divider--view-line_text .elementor-divider-separator:after,.elementor-widget-divider--view-line_text .elementor-divider-separator:before{display:block;content:\"\";border-bottom:0;flex-grow:1;border-top:var(--divider-border-width) var(--divider-border-style) var(--divider-color)}.elementor-widget-divider--element-align-left .elementor-divider .elementor-divider-separator>.elementor-divider__svg:first-of-type{flex-grow:0;flex-shrink:100}.elementor-widget-divider--element-align-left .elementor-divider-separator:before{content:none}.elementor-widget-divider--element-align-left .elementor-divider__element{margin-left:0}.elementor-widget-divider--element-align-right .elementor-divider .elementor-divider-separator>.elementor-divider__svg:last-of-type{flex-grow:0;flex-shrink:100}.elementor-widget-divider--element-align-right .elementor-divider-separator:after{content:none}.elementor-widget-divider--element-align-right .elementor-divider__element{margin-right:0}.elementor-widget-divider:not(.elementor-widget-divider--view-line_text):not(.elementor-widget-divider--view-line_icon) .elementor-divider-separator{border-top:var(--divider-border-width) var(--divider-border-style) var(--divider-color)}.elementor-widget-divider--separator-type-pattern{--divider-border-style:none}.elementor-widget-divider--separator-type-pattern.elementor-widget-divider--view-line .elementor-divider-separator,.elementor-widget-divider--separator-type-pattern:not(.elementor-widget-divider--view-line) .elementor-divider-separator:after,.elementor-widget-divider--separator-type-pattern:not(.elementor-widget-divider--view-line) .elementor-divider-separator:before,.elementor-widget-divider--separator-type-pattern:not([class*=elementor-widget-divider--view]) .elementor-divider-separator{width:100%;min-height:var(--divider-pattern-height);-webkit-mask-size:var(--divider-pattern-size) 100%;mask-size:var(--divider-pattern-size) 100%;-webkit-mask-repeat:var(--divider-pattern-repeat);mask-repeat:var(--divider-pattern-repeat);background-color:var(--divider-color);-webkit-mask-image:var(--divider-pattern-url);mask-image:var(--divider-pattern-url)}.elementor-widget-divider--no-spacing{--divider-pattern-size:auto}.elementor-widget-divider--bg-round{--divider-pattern-repeat:round}.rtl .elementor-widget-divider .elementor-divider__text{direction:rtl}.e-con-inner>.elementor-widget-divider,.e-con>.elementor-widget-divider{width:var(--container-widget-width,100%);--flex-grow:var(--container-widget-flex-grow)}<\/style>\t\t<div class=\"elementor-divider\">\n\t\t\t<span class=\"elementor-divider-separator\">\n\t\t\t\t\t\t<\/span>\n\t\t<\/div>\n\t\t\t\t<\/div>\n\t\t\t\t<\/div>\n\t\t\t\t<div class=\"elementor-element elementor-element-bb529e0 elementor-widget elementor-widget-tm_icon_heading\" data-id=\"bb529e0\" data-element_type=\"widget\" data-widget_type=\"tm_icon_heading.default\">\n\t\t\t\t<div class=\"elementor-widget-container\">\n\t\t\t\n<div class=\"themetechmount-iconbox themetechmount-iconbox-styletwo  themetechmount-iconcolor-skincolor themetechmount-icon-bgcolor-none tm-iconstyle-none themetechmount-iconsize-small\">\n\n<div class=\"themetechmount-iconbox-inner\">\n\t\t<div class=\"tm-iconbox-wrapper tm-wrap\">\n\t\t\t<div class=\"themetechmount-iconbox-icon tm-wrap-cell\">\n\t\t\t<div class=\"tm-box-icon\"><i class=\"fas fa-mobile-alt\"><\/i><\/div>\t\t\t<\/div>\n\t\t\t<div class=\"themetechmount-iconbox-heading tm-wrap-cell\">\n\t\t\t\t\t\t\t\t\t\t\t\t<div class=\"tm-cta3-content-wrapper\">(+34) 91 773 48 06<br>\n(+34) 91 637 23 65<\/div>\t\t\t\t\t\t\t<\/div>\t\n\t\t<\/div>\n\t<\/div>\t\n\n<\/div>\n\t\t<\/div>\n\t\t\t\t<\/div>\n\t\t\t\t<div class=\"elementor-element elementor-element-bbba434 elementor-widget-divider--view-line elementor-widget elementor-widget-divider\" data-id=\"bbba434\" data-element_type=\"widget\" data-widget_type=\"divider.default\">\n\t\t\t\t<div class=\"elementor-widget-container\">\n\t\t\t\t\t<div class=\"elementor-divider\">\n\t\t\t<span class=\"elementor-divider-separator\">\n\t\t\t\t\t\t<\/span>\n\t\t<\/div>\n\t\t\t\t<\/div>\n\t\t\t\t<\/div>\n\t\t\t\t<div class=\"elementor-element elementor-element-5141338 elementor-widget elementor-widget-tm_icon_heading\" data-id=\"5141338\" data-element_type=\"widget\" data-widget_type=\"tm_icon_heading.default\">\n\t\t\t\t<div class=\"elementor-widget-container\">\n\t\t\t\n<div class=\"themetechmount-iconbox themetechmount-iconbox-styletwo  themetechmount-iconcolor-skincolor themetechmount-icon-bgcolor-none tm-iconstyle-none themetechmount-iconsize-small\">\n\n<div class=\"themetechmount-iconbox-inner\">\n\t\t<div class=\"tm-iconbox-wrapper tm-wrap\">\n\t\t\t<div class=\"themetechmount-iconbox-icon tm-wrap-cell\">\n\t\t\t<div class=\"tm-box-icon\"><i class=\"far fa-comment-alt\"><\/i><\/div>\t\t\t<\/div>\n\t\t\t<div class=\"themetechmount-iconbox-heading tm-wrap-cell\">\n\t\t\t\t\t\t\t\t\t\t\t\t<div class=\"tm-cta3-content-wrapper\">decorr@medecorr.com<br>\ninfo@medecorr.com<\/div>\t\t\t\t\t\t\t<\/div>\t\n\t\t<\/div>\n\t<\/div>\t\n\n<\/div>\n\t\t<\/div>\n\t\t\t\t<\/div>\n\t\t\t\t<div class=\"elementor-element elementor-element-3f50171 elementor-widget-divider--view-line elementor-widget elementor-widget-divider\" data-id=\"3f50171\" data-element_type=\"widget\" data-widget_type=\"divider.default\">\n\t\t\t\t<div class=\"elementor-widget-container\">\n\t\t\t\t\t<div class=\"elementor-divider\">\n\t\t\t<span class=\"elementor-divider-separator\">\n\t\t\t\t\t\t<\/span>\n\t\t<\/div>\n\t\t\t\t<\/div>\n\t\t\t\t<\/div>\n\t\t\t\t<div class=\"elementor-element elementor-element-f0f11d6 elementor-widget elementor-widget-tm_icon_heading\" data-id=\"f0f11d6\" data-element_type=\"widget\" data-widget_type=\"tm_icon_heading.default\">\n\t\t\t\t<div class=\"elementor-widget-container\">\n\t\t\t\n<div class=\"themetechmount-iconbox themetechmount-iconbox-styletwo  themetechmount-iconcolor-skincolor themetechmount-icon-bgcolor-none tm-iconstyle-none themetechmount-iconsize-small\">\n\n<div class=\"themetechmount-iconbox-inner\">\n\t\t<div class=\"tm-iconbox-wrapper tm-wrap\">\n\t\t\t<div class=\"themetechmount-iconbox-icon tm-wrap-cell\">\n\t\t\t<div class=\"tm-box-icon\"><i class=\"fab fa-dribbble\"><\/i><\/div>\t\t\t<\/div>\n\t\t\t<div class=\"themetechmount-iconbox-heading tm-wrap-cell\">\n\t\t\t\t\t\t\t\t\t\t\t\t<div class=\"tm-cta3-content-wrapper\">http:\/\/www.medecorr.com<\/div>\t\t\t\t\t\t\t<\/div>\t\n\t\t<\/div>\n\t<\/div>\t\n\n<\/div>\n\t\t<\/div>\n\t\t\t\t<\/div>\n\t\t\t\t\t<\/div>\n\t\t<\/div>\n\t\t\t\t\t\t\t<\/div>\n\t\t<\/section>\n\t\t\t\t\t\t\t<\/div>\n\t\t","protected":false},"excerpt":{"rendered":"<p>Cont\u00e1ctanos Formulario Somos un equipo de expertos profesionales y habilidosos en todas las tareas el\u00e9ctricas. Ofrecemos una amplia gama de servicios para ayudar en cualquier situaci\u00f3n. Informaci\u00f3n de contacto Calle del Camino de los Vinateros 115, Local 3, 28030. Madrid. Calle de Venecia 6, 28232 . Las Rozas Madrid. (+34) 91 773 48 06 (+34) &hellip; <a href=\"https:\/\/medecorr.com\/?page_id=562\" class=\"more-link\">Continue reading <span class=\"screen-reader-text\">Cont\u00e1ctanos<\/span><\/a><\/p>\n","protected":false},"author":1,"featured_media":0,"parent":0,"menu_order":0,"comment_status":"closed","ping_status":"closed","template":"","meta":{"om_disable_all_campaigns":false,"_mi_skip_tracking":false,"_monsterinsights_sitenote_active":false,"_monsterinsights_sitenote_note":"","_monsterinsights_sitenote_category":0,"_joinchat":[]},"aioseo_notices":[],"_links":{"self":[{"href":"https:\/\/medecorr.com\/index.php?rest_route=\/wp\/v2\/pages\/562"}],"collection":[{"href":"https:\/\/medecorr.com\/index.php?rest_route=\/wp\/v2\/pages"}],"about":[{"href":"https:\/\/medecorr.com\/index.php?rest_route=\/wp\/v2\/types\/page"}],"author":[{"embeddable":true,"href":"https:\/\/medecorr.com\/index.php?rest_route=\/wp\/v2\/users\/1"}],"replies":[{"embeddable":true,"href":"https:\/\/medecorr.com\/index.php?rest_route=%2Fwp%2Fv2%2Fcomments&post=562"}],"version-history":[{"count":7,"href":"https:\/\/medecorr.com\/index.php?rest_route=\/wp\/v2\/pages\/562\/revisions"}],"predecessor-version":[{"id":9941,"href":"https:\/\/medecorr.com\/index.php?rest_route=\/wp\/v2\/pages\/562\/revisions\/9941"}],"wp:attachment":[{"href":"https:\/\/medecorr.com\/index.php?rest_route=%2Fwp%2Fv2%2Fmedia&parent=562"}],"curies":[{"name":"wp","href":"https:\/\/api.w.org\/{rel}","templated":true}]}}