{"id":497,"date":"2019-02-02T04:30:18","date_gmt":"2019-02-02T04:30:18","guid":{"rendered":"http:\/\/localhost\/boldman\/boldman-theme\/?page_id=497"},"modified":"2023-08-06T14:27:00","modified_gmt":"2023-08-06T14:27:00","slug":"services","status":"publish","type":"page","link":"https:\/\/medecorr.com\/?page_id=497","title":{"rendered":"Servicios"},"content":{"rendered":"\t\t<div data-elementor-type=\"wp-page\" data-elementor-id=\"497\" class=\"elementor elementor-497\">\n\t\t\t\t\t\t\t\t\t<section class=\"elementor-section elementor-top-section elementor-element elementor-element-656a23b7 elementor-section-stretched tm-bgcolor-grey tm-column-break-ipad-no tm-col-stretched-none elementor-section-boxed elementor-section-height-default elementor-section-height-default\" data-id=\"656a23b7\" data-element_type=\"section\" data-settings=\"{&quot;stretch_section&quot;:&quot;section-stretched&quot;}\">\n\t\t\t\t\t\t<div class=\"elementor-container elementor-column-gap-no\">\n\t\t\t\t\t<div class=\"elementor-column elementor-col-100 elementor-top-column elementor-element elementor-element-37e7edc4\" data-id=\"37e7edc4\" data-element_type=\"column\">\n\t\t\t<div class=\"elementor-widget-wrap elementor-element-populated\">\n\t\t\t\t\t\t\t\t<div class=\"elementor-element elementor-element-1f878851 tm-align-center tm-service-button-style1 elementor-widget elementor-widget-tm_service_element\" data-id=\"1f878851\" data-element_type=\"widget\" data-widget_type=\"tm_service_element.default\">\n\t\t\t\t<div class=\"elementor-widget-container\">\n\t\t\t\n\t\t<div class=\"themetechmount-boxes themetechmount-boxes-service themetechmount-element-servicebox-top-image themetechmount-boxes-view-default themetechmount-boxes-col-three themetechmount-boxes-textalign-center themetechmount-boxes-spacing-30px\" data-tm-show=\"6\" data-tm-loop=\"1\" data-tm-autoplay=\"0\" data-tm-centermode=\"0\" data-tm-centerpadding=\"300\" data-tm-nav=\"\" data-tm-dots=\"\" data-tm-slidestoscroll=\"\" data-tm-autoplayspeed=\"4500\" data-tm-margin=\"30px\"><div class=\"themetechmount-boxes-inner\">\n\t\t\n\t\t\t<div class=\"themetechmount-box-heading-wrapper \">\n\t\t\t\t<div class=\"tm-element-heading-content-wrapper center-align tm-reverse-heading-yes tm-seperator-style3 tm-content-with-desc tm-heading-style-vertical \"><div class=\"tm-content-header\"><h4 class=\"tm-element-subheading tm-custom-heading \">\n\t\t\t\tComo podemos ayudarte\n\t\t\t<\/h4>\n\t\t<h2 class=\"tm-element-content-heading tm-custom-heading \">\n\t\t\t\t\u00c9chale un vistazo a nuestros servicios\n\t\t\t<\/h2>\n\t\t<div class=\"heading-seperator\"><span><\/span><\/div><\/div><div class=\"tm-element-content-desctxt\">En Medecorr, somos una empresa especializada en servicios de montajes el\u00e9ctricos, comprometida en brindar soluciones integrales y eficientes en el \u00e1mbito el\u00e9ctrico. Con a\u00f1os de experiencia en el sector y un equipo altamente capacitado, estamos preparados para abordar proyectos de diversas escalas y complejidades, tanto para clientes residenciales como comerciales e industriales.<\/div><\/div>\t\t\t\t\t\t\t<\/div>\n\n\t\t\t<div class=\"themetechmount-boxes-row-wrapper row multi-columns-row\">\n\n\t\t\t<div class=\"tm-box-col-wrapper   col-lg-4 col-sm-6 col-md-4 col-xs-12\"><article class=\"themetechmount-box themetechmount-box-service themetechmount-box-view-top-image themetechmount-service-box-view-top-image \">\r\n\t<div class=\"themetechmount-post-item\">\t\r\n\t\t<div class=\"themetechmount-post-item-inner\">\r\n\t\t\t<div class=\"tm-featured-wrapper tm-tm_service-featured-wrapper\"><a href=\"https:\/\/medecorr.com\/?tm_service=fixing-of-faulty-wiring\"><img decoding=\"async\" loading=\"lazy\" width=\"654\" height=\"494\" src=\"https:\/\/medecorr.com\/wp-content\/uploads\/2019\/02\/Services1-654x494.jpg\" class=\"attachment-themetechmount-img-blog-top size-themetechmount-img-blog-top wp-post-image\" alt=\"\" data-id=\"9429\" \/><\/a><\/div>\t\t<\/div>\r\n\t\t<div class=\"themetechmount-box-bottom-content\">\t\r\n\t\t\t<div class=\"themetechmount-box-title\"><h4><a href=\"https:\/\/medecorr.com\/?tm_service=fixing-of-faulty-wiring\">Instalaciones y reparaci\u00f3n de aver\u00edas<\/a><\/h4><\/div>\t\t\t<div class=\"themetechmount-box-desc\">\r\n\t\t\t\t<div class=\"tm-short-desc\">\r\n\t\t\t\t\t<p>Ofrecemos servicios de reparaci\u00f3n de aver\u00edas, garantizando que tus instalaciones el\u00e9ctricas funcionen de manera \u00f3ptima y segura en todo momento.<\/p>\n\t\t\t\t<\/div>\r\n\t\t\t<\/div> \r\n\t\t\t<div class=\"themetechmount-serviceboxbox-readmore\">\r\n\t\t\t\t<a href=\"https:\/\/medecorr.com\/?tm_service=fixing-of-faulty-wiring\">VER M\u00c1S DETALLES<\/a>\t\t\t<\/div>\r\n\t\t<\/div>\r\n\t<\/div>\r\n<\/article><\/div><div class=\"tm-box-col-wrapper   col-lg-4 col-sm-6 col-md-4 col-xs-12\"><article class=\"themetechmount-box themetechmount-box-service themetechmount-box-view-top-image themetechmount-service-box-view-top-image \">\r\n\t<div class=\"themetechmount-post-item\">\t\r\n\t\t<div class=\"themetechmount-post-item-inner\">\r\n\t\t\t<div class=\"tm-featured-wrapper tm-tm_service-featured-wrapper\"><a href=\"https:\/\/medecorr.com\/?tm_service=surge-protection\"><img decoding=\"async\" loading=\"lazy\" width=\"654\" height=\"494\" src=\"https:\/\/medecorr.com\/wp-content\/uploads\/2019\/02\/Srvices2-654x494.jpg\" class=\"attachment-themetechmount-img-blog-top size-themetechmount-img-blog-top wp-post-image\" alt=\"\" data-id=\"9433\" \/><\/a><\/div>\t\t<\/div>\r\n\t\t<div class=\"themetechmount-box-bottom-content\">\t\r\n\t\t\t<div class=\"themetechmount-box-title\"><h4><a href=\"https:\/\/medecorr.com\/?tm_service=surge-protection\">Oficina t\u00e9cnica, redacci\u00f3n y legalizaci\u00f3n de proyectos<\/a><\/h4><\/div>\t\t\t<div class=\"themetechmount-box-desc\">\r\n\t\t\t\t<div class=\"tm-short-desc\">\r\n\t\t\t\t\t<p>Estamos especializados en proyectos de alta y media tensi\u00f3n, incluyendo l\u00edneas a\u00e9reas y subterr\u00e1neas, subestaciones y centros de transformaci\u00f3n.<\/p>\n\t\t\t\t<\/div>\r\n\t\t\t<\/div> \r\n\t\t\t<div class=\"themetechmount-serviceboxbox-readmore\">\r\n\t\t\t\t<a href=\"https:\/\/medecorr.com\/?tm_service=surge-protection\">VER M\u00c1S DETALLES<\/a>\t\t\t<\/div>\r\n\t\t<\/div>\r\n\t<\/div>\r\n<\/article><\/div><div class=\"tm-box-col-wrapper   col-lg-4 col-sm-6 col-md-4 col-xs-12\"><article class=\"themetechmount-box themetechmount-box-service themetechmount-box-view-top-image themetechmount-service-box-view-top-image \">\r\n\t<div class=\"themetechmount-post-item\">\t\r\n\t\t<div class=\"themetechmount-post-item-inner\">\r\n\t\t\t<div class=\"tm-featured-wrapper tm-tm_service-featured-wrapper\"><a href=\"https:\/\/medecorr.com\/?tm_service=surveillance-system\"><img decoding=\"async\" loading=\"lazy\" width=\"654\" height=\"494\" src=\"https:\/\/medecorr.com\/wp-content\/uploads\/2019\/02\/servicios4-654x494.jpg\" class=\"attachment-themetechmount-img-blog-top size-themetechmount-img-blog-top wp-post-image\" alt=\"\" data-id=\"10000\" \/><\/a><\/div>\t\t<\/div>\r\n\t\t<div class=\"themetechmount-box-bottom-content\">\t\r\n\t\t\t<div class=\"themetechmount-box-title\"><h4><a href=\"https:\/\/medecorr.com\/?tm_service=surveillance-system\">Venta de material el\u00e9ctrico<\/a><\/h4><\/div>\t\t\t<div class=\"themetechmount-box-desc\">\r\n\t\t\t\t<div class=\"tm-short-desc\">\r\n\t\t\t\t\t<p>Nuestro equipo de expertos est\u00e1 disponible para asesorarte en la selecci\u00f3n de los productos m\u00e1s adecuados para tus necesidades espec\u00edficas, asegurando la m\u00e1xima eficiencia y confiabilidad en tus proyectos.<\/p>\n\t\t\t\t<\/div>\r\n\t\t\t<\/div> \r\n\t\t\t<div class=\"themetechmount-serviceboxbox-readmore\">\r\n\t\t\t\t<a href=\"https:\/\/medecorr.com\/?tm_service=surveillance-system\">VER M\u00c1S DETALLES<\/a>\t\t\t<\/div>\r\n\t\t<\/div>\r\n\t<\/div>\r\n<\/article><\/div>\n\t\t\t<\/div>\n\n\t\t\t<\/div><!-- .themetechmount-boxes-inner -->   <\/div><!-- .themetechmount-boxes -->  \t\t<\/div>\n\t\t\t\t<\/div>\n\t\t\t\t\t<\/div>\n\t\t<\/div>\n\t\t\t\t\t\t\t<\/div>\n\t\t<\/section>\n\t\t\t\t\t\t\t<\/div>\n\t\t","protected":false},"excerpt":{"rendered":"<p>Como podemos ayudarte \u00c9chale un vistazo a nuestros servicios En Medecorr, somos una empresa especializada en servicios de montajes el\u00e9ctricos, comprometida en brindar soluciones integrales y eficientes en el \u00e1mbito el\u00e9ctrico. Con a\u00f1os de experiencia en el sector y un equipo altamente capacitado, estamos preparados para abordar proyectos de diversas escalas y complejidades, tanto para &hellip; <a href=\"https:\/\/medecorr.com\/?tm_service=surveillance-system\" class=\"more-link\">Continue reading <span class=\"screen-reader-text\">Venta de material el\u00e9ctrico<\/span><\/a><\/p>\n","protected":false},"author":1,"featured_media":0,"parent":0,"menu_order":0,"comment_status":"closed","ping_status":"closed","template":"","meta":{"om_disable_all_campaigns":false,"_mi_skip_tracking":false,"_monsterinsights_sitenote_active":false,"_monsterinsights_sitenote_note":"","_monsterinsights_sitenote_category":0,"_joinchat":[]},"aioseo_notices":[],"_links":{"self":[{"href":"https:\/\/medecorr.com\/index.php?rest_route=\/wp\/v2\/pages\/497"}],"collection":[{"href":"https:\/\/medecorr.com\/index.php?rest_route=\/wp\/v2\/pages"}],"about":[{"href":"https:\/\/medecorr.com\/index.php?rest_route=\/wp\/v2\/types\/page"}],"author":[{"embeddable":true,"href":"https:\/\/medecorr.com\/index.php?rest_route=\/wp\/v2\/users\/1"}],"replies":[{"embeddable":true,"href":"https:\/\/medecorr.com\/index.php?rest_route=%2Fwp%2Fv2%2Fcomments&post=497"}],"version-history":[{"count":7,"href":"https:\/\/medecorr.com\/index.php?rest_route=\/wp\/v2\/pages\/497\/revisions"}],"predecessor-version":[{"id":10116,"href":"https:\/\/medecorr.com\/index.php?rest_route=\/wp\/v2\/pages\/497\/revisions\/10116"}],"wp:attachment":[{"href":"https:\/\/medecorr.com\/index.php?rest_route=%2Fwp%2Fv2%2Fmedia&parent=497"}],"curies":[{"name":"wp","href":"https:\/\/api.w.org\/{rel}","templated":true}]}}