{"id":3,"date":"2022-12-03T11:08:20","date_gmt":"2022-12-03T11:08:20","guid":{"rendered":"http:\/\/medecorr.com\/?page_id=3"},"modified":"2023-08-06T14:13:58","modified_gmt":"2023-08-06T14:13:58","slug":"terminos-condiciones","status":"publish","type":"page","link":"https:\/\/medecorr.com\/?page_id=3","title":{"rendered":"T\u00e9rminos y condiciones"},"content":{"rendered":"\t\t<div data-elementor-type=\"wp-page\" data-elementor-id=\"3\" class=\"elementor elementor-3\">\n\t\t\t\t\t\t\t\t\t<section class=\"elementor-section elementor-top-section elementor-element elementor-element-31953eed tm-column-break-ipad-no tm-col-stretched-none elementor-section-boxed elementor-section-height-default elementor-section-height-default\" data-id=\"31953eed\" data-element_type=\"section\">\n\t\t\t\t\t\t<div class=\"elementor-container elementor-column-gap-default\">\n\t\t\t\t\t<div class=\"elementor-column elementor-col-100 elementor-top-column elementor-element elementor-element-7c95cea0\" data-id=\"7c95cea0\" data-element_type=\"column\">\n\t\t\t<div class=\"elementor-widget-wrap elementor-element-populated\">\n\t\t\t\t\t\t\t\t<div class=\"elementor-element elementor-element-bc999b9 elementor-widget elementor-widget-text-editor\" data-id=\"bc999b9\" data-element_type=\"widget\" data-widget_type=\"text-editor.default\">\n\t\t\t\t<div class=\"elementor-widget-container\">\n\t\t\t<style>\/*! elementor - v3.14.0 - 26-06-2023 *\/\n.elementor-widget-text-editor.elementor-drop-cap-view-stacked .elementor-drop-cap{background-color:#69727d;color:#fff}.elementor-widget-text-editor.elementor-drop-cap-view-framed .elementor-drop-cap{color:#69727d;border:3px solid;background-color:transparent}.elementor-widget-text-editor:not(.elementor-drop-cap-view-default) .elementor-drop-cap{margin-top:8px}.elementor-widget-text-editor:not(.elementor-drop-cap-view-default) .elementor-drop-cap-letter{width:1em;height:1em}.elementor-widget-text-editor .elementor-drop-cap{float:left;text-align:center;line-height:1;font-size:50px}.elementor-widget-text-editor .elementor-drop-cap-letter{display:inline-block}<\/style>\t\t\t\t<!-- wp:heading -->\n<h2>T\u00e9rminos y Condiciones de Uso &#8211; Montajes Electricos Decorr, SL<\/h2>\n<!-- \/wp:heading --><!-- wp:paragraph -->\n<p>Bienvenido(a) a la p\u00e1gina web de Montajes Electricos Decorr. A continuaci\u00f3n, se detallan los t\u00e9rminos y condiciones que rigen el uso de nuestro sitio web (<a href=\"http:\/\/www.medecorr.com\/\" target=\"_new\">www.medecorr.com<\/a>). Al acceder y utilizar nuestro sitio, aceptas cumplir con estos t\u00e9rminos y condiciones en su totalidad. Si no est\u00e1s de acuerdo con alguna parte de estos t\u00e9rminos, te recomendamos que no utilices nuestro sitio web.<\/p>\n<!-- \/wp:paragraph --><!-- wp:heading -->\n<h5><strong>Uso del Sitio Web:<\/strong><\/h5>\n<!-- \/wp:heading --><!-- wp:paragraph -->\n<p>El acceso y uso de este sitio web est\u00e1 permitido \u00fanicamente para fines leg\u00edtimos y no comerciales. No se permite el uso del sitio con fines il\u00edcitos o que puedan infringir los derechos de terceros.<\/p>\n<p>No debes da\u00f1ar, alterar o interferir con el funcionamiento del sitio web, ni intentar acceder a \u00e1reas no autorizadas.<\/p>\n<!-- \/wp:paragraph --><!-- wp:heading -->\n<h5><strong>Propiedad Intelectual:<\/strong><\/h5>\n<!-- \/wp:heading --><!-- wp:paragraph -->\n<p>Todo el contenido y materiales presentes en este sitio web, incluyendo pero no limitado a textos, im\u00e1genes, logotipos, gr\u00e1ficos, software y videos, est\u00e1n protegidos por derechos de autor y otros derechos de propiedad intelectual.<\/p>\n<p>No se permite copiar, reproducir, distribuir o utilizar de cualquier forma el contenido del sitio sin el consentimiento expl\u00edcito de Montajes Electricos Decorr.<\/p>\n<!-- \/wp:paragraph --><!-- wp:heading -->\n<h5><strong>Informaci\u00f3n Personal y Privacidad:<\/strong><\/h5>\n<!-- \/wp:heading --><!-- wp:paragraph -->\n<p>Al proporcionar informaci\u00f3n personal a trav\u00e9s de nuestro sitio web, aceptas que dicha informaci\u00f3n se recopile y utilice de acuerdo con nuestra Pol\u00edtica de Privacidad.<\/p>\n<!-- \/wp:paragraph --><!-- wp:heading -->\n<h5><strong>Exactitud de la Informaci\u00f3n:<\/strong><\/h5>\n<!-- \/wp:heading --><!-- wp:paragraph -->\n<p>Nos esforzamos por mantener la informaci\u00f3n en nuestro sitio web precisa y actualizada. Sin embargo, Montajes Electricos Decorr no garantiza la precisi\u00f3n o integridad de la informaci\u00f3n presentada y no se hace responsable de cualquier error u omisi\u00f3n.<\/p>\n<!-- \/wp:paragraph --><!-- wp:heading -->\n<h5><strong>Modificaciones:<\/strong><\/h5>\n<!-- \/wp:heading --><!-- wp:paragraph -->\n<p>Montajes Electricos Decorr se reserva el derecho de modificar, actualizar o cambiar estos t\u00e9rminos y condiciones en cualquier momento y sin previo aviso. Se recomienda revisar regularmente esta secci\u00f3n para estar al tanto de cualquier actualizaci\u00f3n.<\/p>\n<h5><strong>Limitaci\u00f3n de Responsabilidad:<\/strong><\/h5>\n<p>Montajes Electricos Decorr no ser\u00e1 responsable por cualquier da\u00f1o directo, indirecto, especial, incidental, consecuente o punitivo que surja del uso o la imposibilidad de uso de este sitio web.<\/p>\n<!-- \/wp:paragraph --><!-- wp:heading -->\n<h5><strong>Jurisdicci\u00f3n y Ley Aplicable:<\/strong><\/h5>\n<!-- \/wp:heading --><!-- wp:paragraph -->\n<p>Estos t\u00e9rminos y condiciones se rigen por las leyes de Espa\u00f1a, y cualquier disputa relacionada con el uso de este sitio web ser\u00e1 sometida a la jurisdicci\u00f3n de los tribunales de Madrid.<\/p>\n<p>Gracias por visitar nuestro sitio web. Si tienes alguna pregunta o consulta sobre estos t\u00e9rminos y condiciones, no dudes en contactarnos a trav\u00e9s de los datos de contacto proporcionados en el sitio.<\/p>\n<p>Fecha de \u00faltima actualizaci\u00f3n: 08\/06\/2023.<\/p>\n<!-- \/wp:paragraph -->\t\t\t\t\t\t<\/div>\n\t\t\t\t<\/div>\n\t\t\t\t\t<\/div>\n\t\t<\/div>\n\t\t\t\t\t\t\t<\/div>\n\t\t<\/section>\n\t\t\t\t\t\t\t<\/div>\n\t\t","protected":false},"excerpt":{"rendered":"<p>T\u00e9rminos y Condiciones de Uso &#8211; Montajes Electricos Decorr, SL Bienvenido(a) a la p\u00e1gina web de Montajes Electricos Decorr. A continuaci\u00f3n, se detallan los t\u00e9rminos y condiciones que rigen el uso de nuestro sitio web (www.medecorr.com). Al acceder y utilizar nuestro sitio, aceptas cumplir con estos t\u00e9rminos y condiciones en su totalidad. Si no est\u00e1s &hellip; <a href=\"https:\/\/medecorr.com\/?page_id=3\" class=\"more-link\">Continue reading <span class=\"screen-reader-text\">T\u00e9rminos y condiciones<\/span><\/a><\/p>\n","protected":false},"author":1,"featured_media":0,"parent":0,"menu_order":0,"comment_status":"closed","ping_status":"closed","template":"","meta":{"om_disable_all_campaigns":false,"_mi_skip_tracking":false,"_monsterinsights_sitenote_active":false,"_monsterinsights_sitenote_note":"","_monsterinsights_sitenote_category":0,"_joinchat":[]},"aioseo_notices":[],"_links":{"self":[{"href":"https:\/\/medecorr.com\/index.php?rest_route=\/wp\/v2\/pages\/3"}],"collection":[{"href":"https:\/\/medecorr.com\/index.php?rest_route=\/wp\/v2\/pages"}],"about":[{"href":"https:\/\/medecorr.com\/index.php?rest_route=\/wp\/v2\/types\/page"}],"author":[{"embeddable":true,"href":"https:\/\/medecorr.com\/index.php?rest_route=\/wp\/v2\/users\/1"}],"replies":[{"embeddable":true,"href":"https:\/\/medecorr.com\/index.php?rest_route=%2Fwp%2Fv2%2Fcomments&post=3"}],"version-history":[{"count":4,"href":"https:\/\/medecorr.com\/index.php?rest_route=\/wp\/v2\/pages\/3\/revisions"}],"predecessor-version":[{"id":10113,"href":"https:\/\/medecorr.com\/index.php?rest_route=\/wp\/v2\/pages\/3\/revisions\/10113"}],"wp:attachment":[{"href":"https:\/\/medecorr.com\/index.php?rest_route=%2Fwp%2Fv2%2Fmedia&parent=3"}],"curies":[{"name":"wp","href":"https:\/\/api.w.org\/{rel}","templated":true}]}}