{"id":10104,"date":"2023-08-06T13:56:20","date_gmt":"2023-08-06T13:56:20","guid":{"rendered":"http:\/\/medecorr.com\/?page_id=10104"},"modified":"2023-08-06T14:02:12","modified_gmt":"2023-08-06T14:02:12","slug":"privacy-policy-2","status":"publish","type":"page","link":"https:\/\/medecorr.com\/?page_id=10104","title":{"rendered":"Pol\u00edtica de privacidad"},"content":{"rendered":"\t\t<div data-elementor-type=\"wp-page\" data-elementor-id=\"10104\" class=\"elementor elementor-10104\">\n\t\t\t\t\t\t\t\t\t<section class=\"elementor-section elementor-top-section elementor-element elementor-element-7513ba3b tm-column-break-ipad-no tm-col-stretched-none elementor-section-boxed elementor-section-height-default elementor-section-height-default\" data-id=\"7513ba3b\" data-element_type=\"section\">\n\t\t\t\t\t\t<div class=\"elementor-container elementor-column-gap-default\">\n\t\t\t\t\t<div class=\"elementor-column elementor-col-100 elementor-top-column elementor-element elementor-element-46426a0c\" data-id=\"46426a0c\" data-element_type=\"column\">\n\t\t\t<div class=\"elementor-widget-wrap elementor-element-populated\">\n\t\t\t\t\t\t\t\t<div class=\"elementor-element elementor-element-390702c3 elementor-widget elementor-widget-text-editor\" data-id=\"390702c3\" data-element_type=\"widget\" data-widget_type=\"text-editor.default\">\n\t\t\t\t<div class=\"elementor-widget-container\">\n\t\t\t<style>\/*! elementor - v3.14.0 - 26-06-2023 *\/\n.elementor-widget-text-editor.elementor-drop-cap-view-stacked .elementor-drop-cap{background-color:#69727d;color:#fff}.elementor-widget-text-editor.elementor-drop-cap-view-framed .elementor-drop-cap{color:#69727d;border:3px solid;background-color:transparent}.elementor-widget-text-editor:not(.elementor-drop-cap-view-default) .elementor-drop-cap{margin-top:8px}.elementor-widget-text-editor:not(.elementor-drop-cap-view-default) .elementor-drop-cap-letter{width:1em;height:1em}.elementor-widget-text-editor .elementor-drop-cap{float:left;text-align:center;line-height:1;font-size:50px}.elementor-widget-text-editor .elementor-drop-cap-letter{display:inline-block}<\/style>\t\t\t\t<!-- wp:heading -->\n<h2>Actualizaci\u00f3n<\/h2>\n<!-- \/wp:heading --><!-- wp:paragraph -->\n<p>\u00daltima actualizaci\u00f3n el 06 de agosto de 2023 Fecha efectiva 06 de agosto de 2023<\/p>\n<!-- \/wp:paragraph --><!-- wp:heading --><!-- \/wp:heading --><!-- wp:paragraph -->\n<p>Esta Pol\u00edtica de privacidad describe las pol\u00edticas de Montajes El\u00e9ctricos Decorr SL, Calle Camino De Los Vinateros 115, Madrid 28030, Espa\u00f1a, correo electr\u00f3nico: <a href=\"mailto:decorr@medecorr.com\" target=\"_new\">decorr@medecorr.com<\/a>, tel\u00e9fono: +34917734806, sobre la recopilaci\u00f3n, uso y divulgaci\u00f3n de su informaci\u00f3n que recopilamos cuando utiliza nuestro sitio web (<a href=\"http:\/\/medecorr.com\/\" target=\"_new\">http:\/\/medecorr.com\/<\/a>) (el &#8220;Servicio&#8221;). Al acceder o utilizar el Servicio, usted consiente la recopilaci\u00f3n, uso y divulgaci\u00f3n de su informaci\u00f3n de acuerdo con esta Pol\u00edtica de privacidad. Si no est\u00e1 de acuerdo, le rogamos que no acceda ni utilice el Servicio.<\/p>\n<p>Podemos modificar esta Pol\u00edtica de privacidad en cualquier momento sin previo aviso y publicaremos la Pol\u00edtica de privacidad revisada en el Servicio. La Pol\u00edtica revisada ser\u00e1 efectiva 180 d\u00edas despu\u00e9s de que se publique en el Servicio, y su acceso o uso continuado del Servicio despu\u00e9s de dicho per\u00edodo constituir\u00e1 su aceptaci\u00f3n de la Pol\u00edtica de privacidad revisada. Por lo tanto, recomendamos que revise peri\u00f3dicamente esta p\u00e1gina.<\/p>\n<!-- \/wp:paragraph --><!-- wp:heading -->\n<h2>Tus derechos:<\/h2>\n<!-- \/wp:heading --><!-- wp:paragraph -->\n<p>Dependiendo de la ley aplicable, puedes tener derecho a acceder, rectificar o eliminar tus datos personales, recibir una copia de tus datos personales, restringir u objetar el procesamiento activo de tus datos, pedirnos que compartamos (portabilidad) tu informaci\u00f3n personal con otra entidad, retirar cualquier consentimiento que nos hayas proporcionado para procesar tus datos, derecho a presentar una queja ante una autoridad estatutaria y otros derechos relevantes seg\u00fan las leyes aplicables. Para ejercer estos derechos, puedes escribirnos a <a href=\"mailto:decorr@medecorr.com\" target=\"_new\">decorr@medecorr.com<\/a>. Responderemos a tu solicitud de acuerdo con la ley aplicable.<\/p>\n<p>Ten en cuenta que si no nos permites recopilar o procesar la informaci\u00f3n personal requerida o retiras el consentimiento para procesarla con fines requeridos, es posible que no puedas acceder o utilizar los servicios para los cuales se solicit\u00f3 tu informaci\u00f3n.<\/p>\n<!-- \/wp:paragraph --><!-- wp:heading -->\n<h2>Cookies<\/h2>\n<!-- \/wp:heading --><!-- wp:paragraph -->\n<p>Para obtener m\u00e1s informaci\u00f3n sobre c\u00f3mo utilizamos estas tecnolog\u00edas de seguimiento y tus opciones con respecto a ellas, consulta nuestra Pol\u00edtica de cookies.<\/p>\n<!-- \/wp:paragraph --><!-- wp:heading -->\n<h2>Seguridad:<\/h2>\n<!-- \/wp:heading --><!-- wp:paragraph -->\n<p>La seguridad de tu informaci\u00f3n es importante para nosotros y utilizaremos medidas de seguridad razonables para evitar la p\u00e9rdida, el uso indebido o la alteraci\u00f3n no autorizada de tu informaci\u00f3n bajo nuestro control. Sin embargo, dadas las inherentes posibilidades de riesgo, no podemos garantizar una seguridad absoluta y, en consecuencia, no podemos asegurar o garantizar la seguridad de cualquier informaci\u00f3n que nos transmitas, y lo haces bajo tu propio riesgo.<\/p>\n<!-- \/wp:paragraph --><!-- wp:heading -->\n<h2>Quejas \/ Oficial de Protecci\u00f3n de Datos:<\/h2>\n<!-- \/wp:heading --><!-- wp:paragraph -->\n<p>Si tienes alguna consulta o inquietud sobre el procesamiento de tu informaci\u00f3n que est\u00e1 disponible con nosotros, puedes enviar un correo electr\u00f3nico a nuestro Oficial de Quejas en Montajes El\u00e9ctricos Decorr SL, Calle Camino De Los Vinateros 115, email: <a href=\"mailto:decorr@medecorr.com\" target=\"_new\">decorr@medecorr.com<\/a>. Abordaremos tus inquietudes de acuerdo con la ley aplicable.<\/p>\n<!-- \/wp:paragraph -->\t\t\t\t\t\t<\/div>\n\t\t\t\t<\/div>\n\t\t\t\t\t<\/div>\n\t\t<\/div>\n\t\t\t\t\t\t\t<\/div>\n\t\t<\/section>\n\t\t\t\t\t\t\t<\/div>\n\t\t","protected":false},"excerpt":{"rendered":"<p>Actualizaci\u00f3n \u00daltima actualizaci\u00f3n el 06 de agosto de 2023 Fecha efectiva 06 de agosto de 2023 Esta Pol\u00edtica de privacidad describe las pol\u00edticas de Montajes El\u00e9ctricos Decorr SL, Calle Camino De Los Vinateros 115, Madrid 28030, Espa\u00f1a, correo electr\u00f3nico: decorr@medecorr.com, tel\u00e9fono: +34917734806, sobre la recopilaci\u00f3n, uso y divulgaci\u00f3n de su informaci\u00f3n que recopilamos cuando utiliza &hellip; <a href=\"https:\/\/medecorr.com\/?page_id=10104\" class=\"more-link\">Continue reading <span class=\"screen-reader-text\">Pol\u00edtica de privacidad<\/span><\/a><\/p>\n","protected":false},"author":1,"featured_media":0,"parent":0,"menu_order":0,"comment_status":"closed","ping_status":"closed","template":"","meta":{"om_disable_all_campaigns":false,"_mi_skip_tracking":false,"_monsterinsights_sitenote_active":false,"_monsterinsights_sitenote_note":"","_monsterinsights_sitenote_category":0,"_joinchat":[]},"aioseo_notices":[],"_links":{"self":[{"href":"https:\/\/medecorr.com\/index.php?rest_route=\/wp\/v2\/pages\/10104"}],"collection":[{"href":"https:\/\/medecorr.com\/index.php?rest_route=\/wp\/v2\/pages"}],"about":[{"href":"https:\/\/medecorr.com\/index.php?rest_route=\/wp\/v2\/types\/page"}],"author":[{"embeddable":true,"href":"https:\/\/medecorr.com\/index.php?rest_route=\/wp\/v2\/users\/1"}],"replies":[{"embeddable":true,"href":"https:\/\/medecorr.com\/index.php?rest_route=%2Fwp%2Fv2%2Fcomments&post=10104"}],"version-history":[{"count":4,"href":"https:\/\/medecorr.com\/index.php?rest_route=\/wp\/v2\/pages\/10104\/revisions"}],"predecessor-version":[{"id":10108,"href":"https:\/\/medecorr.com\/index.php?rest_route=\/wp\/v2\/pages\/10104\/revisions\/10108"}],"wp:attachment":[{"href":"https:\/\/medecorr.com\/index.php?rest_route=%2Fwp%2Fv2%2Fmedia&parent=10104"}],"curies":[{"name":"wp","href":"https:\/\/api.w.org\/{rel}","templated":true}]}}